{"id":2241,"date":"2020-09-08T20:25:46","date_gmt":"2020-09-08T20:25:46","guid":{"rendered":"https:\/\/verein-dejure.ch\/?page_id=2241"},"modified":"2020-10-06T19:06:08","modified_gmt":"2020-10-06T19:06:08","slug":"uluslararasi-sozlesmeler","status":"publish","type":"page","link":"https:\/\/verein-dejure.ch\/index.php\/uluslararasi-sozlesmeler\/","title":{"rendered":"Uluslararas\u0131 S\u00f6zle\u015fmeler"},"content":{"rendered":"\t\t<div data-elementor-type=\"wp-page\" data-elementor-id=\"2241\" class=\"elementor elementor-2241\" data-elementor-settings=\"[]\">\n\t\t\t\t\t\t<div class=\"elementor-inner\">\n\t\t\t\t\t\t\t<div class=\"elementor-section-wrap\">\n\t\t\t\t\t\t\t<section class=\"elementor-section elementor-top-section elementor-element elementor-element-561964e elementor-section-boxed elementor-section-height-default elementor-section-height-default\" data-id=\"561964e\" data-element_type=\"section\">\n\t\t\t\t\t\t<div class=\"elementor-container elementor-column-gap-wider\">\n\t\t\t\t\t\t\t<div class=\"elementor-row\">\n\t\t\t\t\t<div class=\"elementor-column elementor-col-100 elementor-top-column elementor-element elementor-element-500fab2\" data-id=\"500fab2\" data-element_type=\"column\">\n\t\t\t<div class=\"elementor-column-wrap elementor-element-populated\">\n\t\t\t\t\t\t\t<div class=\"elementor-widget-wrap\">\n\t\t\t\t\t\t<div class=\"elementor-element elementor-element-0245680 elementor-widget__width-auto elementor-widget-divider--view-line elementor-widget elementor-widget-divider\" data-id=\"0245680\" data-element_type=\"widget\" data-widget_type=\"divider.default\">\n\t\t\t\t<div class=\"elementor-widget-container\">\n\t\t\t\t\t<div class=\"elementor-divider\">\n\t\t\t<span class=\"elementor-divider-separator\">\n\t\t\t\t\t\t<\/span>\n\t\t<\/div>\n\t\t\t\t<\/div>\n\t\t\t\t<\/div>\n\t\t\t\t<div class=\"elementor-element elementor-element-fc04795 elementor-widget elementor-widget-heading\" data-id=\"fc04795\" data-element_type=\"widget\" data-widget_type=\"heading.default\">\n\t\t\t\t<div class=\"elementor-widget-container\">\n\t\t\t<h2 class=\"elementor-heading-title elementor-size-default\">kanunlar<\/h2>\t\t<\/div>\n\t\t\t\t<\/div>\n\t\t\t\t<section class=\"elementor-section elementor-inner-section elementor-element elementor-element-fa8c040 elementor-section-boxed elementor-section-height-default elementor-section-height-default\" data-id=\"fa8c040\" data-element_type=\"section\">\n\t\t\t\t\t\t<div class=\"elementor-container elementor-column-gap-wider\">\n\t\t\t\t\t\t\t<div class=\"elementor-row\">\n\t\t\t\t\t<div class=\"elementor-column elementor-col-25 elementor-inner-column elementor-element elementor-element-2eb20c5\" data-id=\"2eb20c5\" data-element_type=\"column\">\n\t\t\t<div class=\"elementor-column-wrap elementor-element-populated\">\n\t\t\t\t\t\t\t<div class=\"elementor-widget-wrap\">\n\t\t\t\t\t\t<div class=\"elementor-element elementor-element-870ea8a elementor-view-default elementor-position-top elementor-vertical-align-top elementor-widget elementor-widget-icon-box\" data-id=\"870ea8a\" data-element_type=\"widget\" data-widget_type=\"icon-box.default\">\n\t\t\t\t<div class=\"elementor-widget-container\">\n\t\t\t\t\t<div class=\"elementor-icon-box-wrapper\">\n\t\t\t\t\t\t<div class=\"elementor-icon-box-icon\">\n\t\t\t\t<a class=\"elementor-icon elementor-animation-\" href=\"https:\/\/www.admin.ch\/opc\/de\/classified-compilation\/19510156\/\" target=\"_blank\">\n\t\t\t\t<svg xmlns=\"http:\/\/www.w3.org\/2000\/svg\" viewBox=\"0 0 290 290\" fill-rule=\"evenodd\" clip-rule=\"evenodd\" stroke-linejoin=\"round\" stroke-miterlimit=\"2\"><path d=\"M124.104 276.252H13.748V51.072L44 20.824V44h-9c-2.743 0-5 2.257-5 5s2.257 5 5 5h14c2.743 0 5-2.257 5-5V13.752h141.748V75.5c0 2.743 2.257 5 5 5s5-2.257 5-5V8.752c0-2.743-2.257-5-5-5H49a5.004 5.004 0 00-3.536 1.464L5.216 45.464A5.004 5.004 0 003.752 49v232.252c0 2.743 2.257 5 5 5h115.352c2.743 0 5-2.257 5-5s-2.257-5-5-5z\" fill-rule=\"nonzero\"><\/path><path d=\"M137.4 90.668c2.743 0 5-2.257 5-5s-2.257-5-5-5H72.08c-2.743 0-5 2.257-5 5s2.257 5 5 5h65.32zM159.748 116h-110c-2.743 0-5 2.257-5 5s2.257 5 5 5h110c2.743 0 5-2.257 5-5s-2.257-5-5-5zM159.748 140h-110c-2.743 0-5 2.257-5 5s2.257 5 5 5h110c2.743 0 5-2.257 5-5s-2.257-5-5-5zM159.748 164h-110c-2.743 0-5 2.257-5 5s2.257 5 5 5h110c2.743 0 5-2.257 5-5s-2.257-5-5-5zM164.748 193c0-2.743-2.257-5-5-5h-110c-2.743 0-5 2.257-5 5s2.257 5 5 5h110c2.743 0 5-2.257 5-5zM93.088 226.924a103.902 103.902 0 00-21.72 13.636 18.458 18.458 0 00-2.8-8.508 7.946 7.946 0 00-6.4-3.48c-6.764-.096-14.164 8.38-17.036 12.06a4.999 4.999 0 00-.898 2.859c0 2.743 2.257 5 5 5A5 5 0 0053 246.78a37.297 37.297 0 017.928-7.704 26.64 26.64 0 01.648 3.908c.4 3.392.892 7.6 4.916 9.2a6.627 6.627 0 002.468.476 14.114 14.114 0 008.356-4.06 95.355 95.355 0 0119.804-12.544 5.01 5.01 0 002.984-4.576c0-2.743-2.257-5-5-5-.694 0-1.381.144-2.016.424v.02z\" fill-rule=\"nonzero\"><\/path><path d=\"M281.248 224.696h-54.54v-14.744h4.532c2.743 0 5-2.257 5-5v-6.944a144.268 144.268 0 017.96-50.112 36.81 36.81 0 002.232-12.668v-.04c0-20.351-16.746-37.096-37.096-37.096-20.35 0-37.096 16.745-37.096 37.096 0 3.814.588 7.605 1.744 11.24a158.563 158.563 0 018.444 48.18v10.328c0 2.743 2.257 5 5 5h4.532v14.748H137.4c-2.743 0-5 2.257-5 5v32.48c0 2.743 2.257 5 5 5h9.692v14.076c0 2.743 2.257 5 5 5H266.56c2.743 0 5-2.257 5-5s-2.257-5-5-5H157.108v-9.064h124.14c2.743 0 5-2.257 5-5v-32.48c0-2.743-2.257-5-5-5zm-97.74-81.296a27.1 27.1 0 01-1.268-8.191c0-14.863 12.23-27.092 27.092-27.092 14.862 0 27.092 12.229 27.092 27.092v.007a26.889 26.889 0 01-1.624 9.24 153.999 153.999 0 00-8.56 53.54v1.944h-33.82v-5.32a168.391 168.391 0 00-8.912-51.22zm18.452 66.552h14.748V224.7H201.96v-14.748zm74.288 47.224H142.416v-22.48h133.832v22.48z\" fill-rule=\"nonzero\"><\/path><\/svg>\t\t\t\t<\/a>\n\t\t\t<\/div>\n\t\t\t\t\t\t<div class=\"elementor-icon-box-content\">\n\t\t\t\t<h5 class=\"elementor-icon-box-title\">\n\t\t\t\t\t<a href=\"https:\/\/www.admin.ch\/opc\/de\/classified-compilation\/19510156\/\" target=\"_blank\" >\n\t\t\t\t\t\tCenevre Multeci Sozlesmesi\t\t\t\t\t<\/a>\n\t\t\t\t<\/h5>\n\t\t\t\t\t\t\t\t\t<p class=\"elementor-icon-box-description\">\n\t\t\t\t\t\t.\t\t\t\t\t<\/p>\n\t\t\t\t\t\t\t<\/div>\n\t\t<\/div>\n\t\t\t\t<\/div>\n\t\t\t\t<\/div>\n\t\t\t\t\t\t<\/div>\n\t\t\t\t\t<\/div>\n\t\t<\/div>\n\t\t\t\t<div class=\"elementor-column elementor-col-25 elementor-inner-column elementor-element elementor-element-58a8dfe\" data-id=\"58a8dfe\" data-element_type=\"column\">\n\t\t\t<div class=\"elementor-column-wrap elementor-element-populated\">\n\t\t\t\t\t\t\t<div class=\"elementor-widget-wrap\">\n\t\t\t\t\t\t<div class=\"elementor-element elementor-element-cc8e862 elementor-view-default elementor-position-top elementor-vertical-align-top elementor-widget elementor-widget-icon-box\" data-id=\"cc8e862\" data-element_type=\"widget\" data-widget_type=\"icon-box.default\">\n\t\t\t\t<div class=\"elementor-widget-container\">\n\t\t\t\t\t<div class=\"elementor-icon-box-wrapper\">\n\t\t\t\t\t\t<div class=\"elementor-icon-box-icon\">\n\t\t\t\t<a class=\"elementor-icon elementor-animation-\" href=\"https:\/\/www.admin.ch\/opc\/de\/classified-compilation\/19500267\/index.html\" target=\"_blank\">\n\t\t\t\t<svg xmlns=\"http:\/\/www.w3.org\/2000\/svg\" viewBox=\"0 0 290 290\" fill-rule=\"evenodd\" clip-rule=\"evenodd\" stroke-linejoin=\"round\" stroke-miterlimit=\"2\"><path d=\"M124.104 276.252H13.748V51.072L44 20.824V44h-9c-2.743 0-5 2.257-5 5s2.257 5 5 5h14c2.743 0 5-2.257 5-5V13.752h141.748V75.5c0 2.743 2.257 5 5 5s5-2.257 5-5V8.752c0-2.743-2.257-5-5-5H49a5.004 5.004 0 00-3.536 1.464L5.216 45.464A5.004 5.004 0 003.752 49v232.252c0 2.743 2.257 5 5 5h115.352c2.743 0 5-2.257 5-5s-2.257-5-5-5z\" fill-rule=\"nonzero\"><\/path><path d=\"M137.4 90.668c2.743 0 5-2.257 5-5s-2.257-5-5-5H72.08c-2.743 0-5 2.257-5 5s2.257 5 5 5h65.32zM159.748 116h-110c-2.743 0-5 2.257-5 5s2.257 5 5 5h110c2.743 0 5-2.257 5-5s-2.257-5-5-5zM159.748 140h-110c-2.743 0-5 2.257-5 5s2.257 5 5 5h110c2.743 0 5-2.257 5-5s-2.257-5-5-5zM159.748 164h-110c-2.743 0-5 2.257-5 5s2.257 5 5 5h110c2.743 0 5-2.257 5-5s-2.257-5-5-5zM164.748 193c0-2.743-2.257-5-5-5h-110c-2.743 0-5 2.257-5 5s2.257 5 5 5h110c2.743 0 5-2.257 5-5zM93.088 226.924a103.902 103.902 0 00-21.72 13.636 18.458 18.458 0 00-2.8-8.508 7.946 7.946 0 00-6.4-3.48c-6.764-.096-14.164 8.38-17.036 12.06a4.999 4.999 0 00-.898 2.859c0 2.743 2.257 5 5 5A5 5 0 0053 246.78a37.297 37.297 0 017.928-7.704 26.64 26.64 0 01.648 3.908c.4 3.392.892 7.6 4.916 9.2a6.627 6.627 0 002.468.476 14.114 14.114 0 008.356-4.06 95.355 95.355 0 0119.804-12.544 5.01 5.01 0 002.984-4.576c0-2.743-2.257-5-5-5-.694 0-1.381.144-2.016.424v.02z\" fill-rule=\"nonzero\"><\/path><path d=\"M281.248 224.696h-54.54v-14.744h4.532c2.743 0 5-2.257 5-5v-6.944a144.268 144.268 0 017.96-50.112 36.81 36.81 0 002.232-12.668v-.04c0-20.351-16.746-37.096-37.096-37.096-20.35 0-37.096 16.745-37.096 37.096 0 3.814.588 7.605 1.744 11.24a158.563 158.563 0 018.444 48.18v10.328c0 2.743 2.257 5 5 5h4.532v14.748H137.4c-2.743 0-5 2.257-5 5v32.48c0 2.743 2.257 5 5 5h9.692v14.076c0 2.743 2.257 5 5 5H266.56c2.743 0 5-2.257 5-5s-2.257-5-5-5H157.108v-9.064h124.14c2.743 0 5-2.257 5-5v-32.48c0-2.743-2.257-5-5-5zm-97.74-81.296a27.1 27.1 0 01-1.268-8.191c0-14.863 12.23-27.092 27.092-27.092 14.862 0 27.092 12.229 27.092 27.092v.007a26.889 26.889 0 01-1.624 9.24 153.999 153.999 0 00-8.56 53.54v1.944h-33.82v-5.32a168.391 168.391 0 00-8.912-51.22zm18.452 66.552h14.748V224.7H201.96v-14.748zm74.288 47.224H142.416v-22.48h133.832v22.48z\" fill-rule=\"nonzero\"><\/path><\/svg>\t\t\t\t<\/a>\n\t\t\t<\/div>\n\t\t\t\t\t\t<div class=\"elementor-icon-box-content\">\n\t\t\t\t<h5 class=\"elementor-icon-box-title\">\n\t\t\t\t\t<a href=\"https:\/\/www.admin.ch\/opc\/de\/classified-compilation\/19500267\/index.html\" target=\"_blank\" >\n\t\t\t\t\t\tAvrupa Insan Haklari Sozlesmesi (AIHS)\t\t\t\t\t<\/a>\n\t\t\t\t<\/h5>\n\t\t\t\t\t\t\t\t\t<p class=\"elementor-icon-box-description\">\n\t\t\t\t\t\t.\t\t\t\t\t<\/p>\n\t\t\t\t\t\t\t<\/div>\n\t\t<\/div>\n\t\t\t\t<\/div>\n\t\t\t\t<\/div>\n\t\t\t\t\t\t<\/div>\n\t\t\t\t\t<\/div>\n\t\t<\/div>\n\t\t\t\t<div class=\"elementor-column elementor-col-25 elementor-inner-column elementor-element elementor-element-28508b7\" data-id=\"28508b7\" data-element_type=\"column\">\n\t\t\t<div class=\"elementor-column-wrap elementor-element-populated\">\n\t\t\t\t\t\t\t<div class=\"elementor-widget-wrap\">\n\t\t\t\t\t\t<div class=\"elementor-element elementor-element-a1ad668 elementor-view-default elementor-position-top elementor-vertical-align-top elementor-widget elementor-widget-icon-box\" data-id=\"a1ad668\" data-element_type=\"widget\" data-widget_type=\"icon-box.default\">\n\t\t\t\t<div class=\"elementor-widget-container\">\n\t\t\t\t\t<div class=\"elementor-icon-box-wrapper\">\n\t\t\t\t\t\t<div class=\"elementor-icon-box-icon\">\n\t\t\t\t<a class=\"elementor-icon elementor-animation-\" href=\"https:\/\/www.admin.ch\/opc\/de\/classified-compilation\/20042082\/index.html\" target=\"_blank\">\n\t\t\t\t<svg xmlns=\"http:\/\/www.w3.org\/2000\/svg\" viewBox=\"0 0 290 290\" fill-rule=\"evenodd\" clip-rule=\"evenodd\" stroke-linejoin=\"round\" stroke-miterlimit=\"2\"><path d=\"M124.104 276.252H13.748V51.072L44 20.824V44h-9c-2.743 0-5 2.257-5 5s2.257 5 5 5h14c2.743 0 5-2.257 5-5V13.752h141.748V75.5c0 2.743 2.257 5 5 5s5-2.257 5-5V8.752c0-2.743-2.257-5-5-5H49a5.004 5.004 0 00-3.536 1.464L5.216 45.464A5.004 5.004 0 003.752 49v232.252c0 2.743 2.257 5 5 5h115.352c2.743 0 5-2.257 5-5s-2.257-5-5-5z\" fill-rule=\"nonzero\"><\/path><path d=\"M137.4 90.668c2.743 0 5-2.257 5-5s-2.257-5-5-5H72.08c-2.743 0-5 2.257-5 5s2.257 5 5 5h65.32zM159.748 116h-110c-2.743 0-5 2.257-5 5s2.257 5 5 5h110c2.743 0 5-2.257 5-5s-2.257-5-5-5zM159.748 140h-110c-2.743 0-5 2.257-5 5s2.257 5 5 5h110c2.743 0 5-2.257 5-5s-2.257-5-5-5zM159.748 164h-110c-2.743 0-5 2.257-5 5s2.257 5 5 5h110c2.743 0 5-2.257 5-5s-2.257-5-5-5zM164.748 193c0-2.743-2.257-5-5-5h-110c-2.743 0-5 2.257-5 5s2.257 5 5 5h110c2.743 0 5-2.257 5-5zM93.088 226.924a103.902 103.902 0 00-21.72 13.636 18.458 18.458 0 00-2.8-8.508 7.946 7.946 0 00-6.4-3.48c-6.764-.096-14.164 8.38-17.036 12.06a4.999 4.999 0 00-.898 2.859c0 2.743 2.257 5 5 5A5 5 0 0053 246.78a37.297 37.297 0 017.928-7.704 26.64 26.64 0 01.648 3.908c.4 3.392.892 7.6 4.916 9.2a6.627 6.627 0 002.468.476 14.114 14.114 0 008.356-4.06 95.355 95.355 0 0119.804-12.544 5.01 5.01 0 002.984-4.576c0-2.743-2.257-5-5-5-.694 0-1.381.144-2.016.424v.02z\" fill-rule=\"nonzero\"><\/path><path d=\"M281.248 224.696h-54.54v-14.744h4.532c2.743 0 5-2.257 5-5v-6.944a144.268 144.268 0 017.96-50.112 36.81 36.81 0 002.232-12.668v-.04c0-20.351-16.746-37.096-37.096-37.096-20.35 0-37.096 16.745-37.096 37.096 0 3.814.588 7.605 1.744 11.24a158.563 158.563 0 018.444 48.18v10.328c0 2.743 2.257 5 5 5h4.532v14.748H137.4c-2.743 0-5 2.257-5 5v32.48c0 2.743 2.257 5 5 5h9.692v14.076c0 2.743 2.257 5 5 5H266.56c2.743 0 5-2.257 5-5s-2.257-5-5-5H157.108v-9.064h124.14c2.743 0 5-2.257 5-5v-32.48c0-2.743-2.257-5-5-5zm-97.74-81.296a27.1 27.1 0 01-1.268-8.191c0-14.863 12.23-27.092 27.092-27.092 14.862 0 27.092 12.229 27.092 27.092v.007a26.889 26.889 0 01-1.624 9.24 153.999 153.999 0 00-8.56 53.54v1.944h-33.82v-5.32a168.391 168.391 0 00-8.912-51.22zm18.452 66.552h14.748V224.7H201.96v-14.748zm74.288 47.224H142.416v-22.48h133.832v22.48z\" fill-rule=\"nonzero\"><\/path><\/svg>\t\t\t\t<\/a>\n\t\t\t<\/div>\n\t\t\t\t\t\t<div class=\"elementor-icon-box-content\">\n\t\t\t\t<h5 class=\"elementor-icon-box-title\">\n\t\t\t\t\t<a href=\"https:\/\/www.admin.ch\/opc\/de\/classified-compilation\/20042082\/index.html\" target=\"_blank\" >\n\t\t\t\t\t\tDublin Sozlesmesi\t\t\t\t\t<\/a>\n\t\t\t\t<\/h5>\n\t\t\t\t\t\t\t\t\t<p class=\"elementor-icon-box-description\">\n\t\t\t\t\t\t.\t\t\t\t\t<\/p>\n\t\t\t\t\t\t\t<\/div>\n\t\t<\/div>\n\t\t\t\t<\/div>\n\t\t\t\t<\/div>\n\t\t\t\t\t\t<\/div>\n\t\t\t\t\t<\/div>\n\t\t<\/div>\n\t\t\t\t<div class=\"elementor-column elementor-col-25 elementor-inner-column elementor-element elementor-element-73774df\" data-id=\"73774df\" data-element_type=\"column\">\n\t\t\t<div class=\"elementor-column-wrap elementor-element-populated\">\n\t\t\t\t\t\t\t<div class=\"elementor-widget-wrap\">\n\t\t\t\t\t\t<div class=\"elementor-element elementor-element-7b01155 elementor-view-default elementor-position-top elementor-vertical-align-top elementor-widget elementor-widget-icon-box\" data-id=\"7b01155\" data-element_type=\"widget\" data-widget_type=\"icon-box.default\">\n\t\t\t\t<div class=\"elementor-widget-container\">\n\t\t\t\t\t<div class=\"elementor-icon-box-wrapper\">\n\t\t\t\t\t\t<div class=\"elementor-icon-box-icon\">\n\t\t\t\t<a class=\"elementor-icon elementor-animation-\" href=\"https:\/\/www.admin.ch\/opc\/de\/classified-compilation\/19840309\/201211060000\/0.105.pdf\" target=\"_blank\">\n\t\t\t\t<svg xmlns=\"http:\/\/www.w3.org\/2000\/svg\" viewBox=\"0 0 290 290\" fill-rule=\"evenodd\" clip-rule=\"evenodd\" stroke-linejoin=\"round\" stroke-miterlimit=\"2\"><path d=\"M124.104 276.252H13.748V51.072L44 20.824V44h-9c-2.743 0-5 2.257-5 5s2.257 5 5 5h14c2.743 0 5-2.257 5-5V13.752h141.748V75.5c0 2.743 2.257 5 5 5s5-2.257 5-5V8.752c0-2.743-2.257-5-5-5H49a5.004 5.004 0 00-3.536 1.464L5.216 45.464A5.004 5.004 0 003.752 49v232.252c0 2.743 2.257 5 5 5h115.352c2.743 0 5-2.257 5-5s-2.257-5-5-5z\" fill-rule=\"nonzero\"><\/path><path d=\"M137.4 90.668c2.743 0 5-2.257 5-5s-2.257-5-5-5H72.08c-2.743 0-5 2.257-5 5s2.257 5 5 5h65.32zM159.748 116h-110c-2.743 0-5 2.257-5 5s2.257 5 5 5h110c2.743 0 5-2.257 5-5s-2.257-5-5-5zM159.748 140h-110c-2.743 0-5 2.257-5 5s2.257 5 5 5h110c2.743 0 5-2.257 5-5s-2.257-5-5-5zM159.748 164h-110c-2.743 0-5 2.257-5 5s2.257 5 5 5h110c2.743 0 5-2.257 5-5s-2.257-5-5-5zM164.748 193c0-2.743-2.257-5-5-5h-110c-2.743 0-5 2.257-5 5s2.257 5 5 5h110c2.743 0 5-2.257 5-5zM93.088 226.924a103.902 103.902 0 00-21.72 13.636 18.458 18.458 0 00-2.8-8.508 7.946 7.946 0 00-6.4-3.48c-6.764-.096-14.164 8.38-17.036 12.06a4.999 4.999 0 00-.898 2.859c0 2.743 2.257 5 5 5A5 5 0 0053 246.78a37.297 37.297 0 017.928-7.704 26.64 26.64 0 01.648 3.908c.4 3.392.892 7.6 4.916 9.2a6.627 6.627 0 002.468.476 14.114 14.114 0 008.356-4.06 95.355 95.355 0 0119.804-12.544 5.01 5.01 0 002.984-4.576c0-2.743-2.257-5-5-5-.694 0-1.381.144-2.016.424v.02z\" fill-rule=\"nonzero\"><\/path><path d=\"M281.248 224.696h-54.54v-14.744h4.532c2.743 0 5-2.257 5-5v-6.944a144.268 144.268 0 017.96-50.112 36.81 36.81 0 002.232-12.668v-.04c0-20.351-16.746-37.096-37.096-37.096-20.35 0-37.096 16.745-37.096 37.096 0 3.814.588 7.605 1.744 11.24a158.563 158.563 0 018.444 48.18v10.328c0 2.743 2.257 5 5 5h4.532v14.748H137.4c-2.743 0-5 2.257-5 5v32.48c0 2.743 2.257 5 5 5h9.692v14.076c0 2.743 2.257 5 5 5H266.56c2.743 0 5-2.257 5-5s-2.257-5-5-5H157.108v-9.064h124.14c2.743 0 5-2.257 5-5v-32.48c0-2.743-2.257-5-5-5zm-97.74-81.296a27.1 27.1 0 01-1.268-8.191c0-14.863 12.23-27.092 27.092-27.092 14.862 0 27.092 12.229 27.092 27.092v.007a26.889 26.889 0 01-1.624 9.24 153.999 153.999 0 00-8.56 53.54v1.944h-33.82v-5.32a168.391 168.391 0 00-8.912-51.22zm18.452 66.552h14.748V224.7H201.96v-14.748zm74.288 47.224H142.416v-22.48h133.832v22.48z\" fill-rule=\"nonzero\"><\/path><\/svg>\t\t\t\t<\/a>\n\t\t\t<\/div>\n\t\t\t\t\t\t<div class=\"elementor-icon-box-content\">\n\t\t\t\t<h5 class=\"elementor-icon-box-title\">\n\t\t\t\t\t<a href=\"https:\/\/www.admin.ch\/opc\/de\/classified-compilation\/19840309\/201211060000\/0.105.pdf\" target=\"_blank\" >\n\t\t\t\t\t\tIskenceye Karsi Birlesmis Milletler Sozlesmesi\t\t\t\t\t<\/a>\n\t\t\t\t<\/h5>\n\t\t\t\t\t\t\t\t\t<p class=\"elementor-icon-box-description\">\n\t\t\t\t\t\t.\t\t\t\t\t<\/p>\n\t\t\t\t\t\t\t<\/div>\n\t\t<\/div>\n\t\t\t\t<\/div>\n\t\t\t\t<\/div>\n\t\t\t\t\t\t<\/div>\n\t\t\t\t\t<\/div>\n\t\t<\/div>\n\t\t\t\t\t\t\t\t<\/div>\n\t\t\t\t\t<\/div>\n\t\t<\/section>\n\t\t\t\t<section class=\"elementor-section elementor-inner-section elementor-element elementor-element-b34bad7 elementor-section-boxed elementor-section-height-default elementor-section-height-default\" data-id=\"b34bad7\" data-element_type=\"section\">\n\t\t\t\t\t\t<div class=\"elementor-container elementor-column-gap-wider\">\n\t\t\t\t\t\t\t<div class=\"elementor-row\">\n\t\t\t\t\t<div class=\"elementor-column elementor-col-25 elementor-inner-column elementor-element elementor-element-d364043\" data-id=\"d364043\" data-element_type=\"column\">\n\t\t\t<div class=\"elementor-column-wrap elementor-element-populated\">\n\t\t\t\t\t\t\t<div class=\"elementor-widget-wrap\">\n\t\t\t\t\t\t<div class=\"elementor-element elementor-element-0322a8c elementor-view-default elementor-position-top elementor-vertical-align-top elementor-widget elementor-widget-icon-box\" data-id=\"0322a8c\" data-element_type=\"widget\" data-widget_type=\"icon-box.default\">\n\t\t\t\t<div class=\"elementor-widget-container\">\n\t\t\t\t\t<div class=\"elementor-icon-box-wrapper\">\n\t\t\t\t\t\t<div class=\"elementor-icon-box-icon\">\n\t\t\t\t<a class=\"elementor-icon elementor-animation-\" href=\"https:\/\/www.admin.ch\/opc\/de\/classified-compilation\/19983207\/index.html\" target=\"_blank\">\n\t\t\t\t<svg xmlns=\"http:\/\/www.w3.org\/2000\/svg\" viewBox=\"0 0 290 290\" fill-rule=\"evenodd\" clip-rule=\"evenodd\" stroke-linejoin=\"round\" stroke-miterlimit=\"2\"><path d=\"M124.104 276.252H13.748V51.072L44 20.824V44h-9c-2.743 0-5 2.257-5 5s2.257 5 5 5h14c2.743 0 5-2.257 5-5V13.752h141.748V75.5c0 2.743 2.257 5 5 5s5-2.257 5-5V8.752c0-2.743-2.257-5-5-5H49a5.004 5.004 0 00-3.536 1.464L5.216 45.464A5.004 5.004 0 003.752 49v232.252c0 2.743 2.257 5 5 5h115.352c2.743 0 5-2.257 5-5s-2.257-5-5-5z\" fill-rule=\"nonzero\"><\/path><path d=\"M137.4 90.668c2.743 0 5-2.257 5-5s-2.257-5-5-5H72.08c-2.743 0-5 2.257-5 5s2.257 5 5 5h65.32zM159.748 116h-110c-2.743 0-5 2.257-5 5s2.257 5 5 5h110c2.743 0 5-2.257 5-5s-2.257-5-5-5zM159.748 140h-110c-2.743 0-5 2.257-5 5s2.257 5 5 5h110c2.743 0 5-2.257 5-5s-2.257-5-5-5zM159.748 164h-110c-2.743 0-5 2.257-5 5s2.257 5 5 5h110c2.743 0 5-2.257 5-5s-2.257-5-5-5zM164.748 193c0-2.743-2.257-5-5-5h-110c-2.743 0-5 2.257-5 5s2.257 5 5 5h110c2.743 0 5-2.257 5-5zM93.088 226.924a103.902 103.902 0 00-21.72 13.636 18.458 18.458 0 00-2.8-8.508 7.946 7.946 0 00-6.4-3.48c-6.764-.096-14.164 8.38-17.036 12.06a4.999 4.999 0 00-.898 2.859c0 2.743 2.257 5 5 5A5 5 0 0053 246.78a37.297 37.297 0 017.928-7.704 26.64 26.64 0 01.648 3.908c.4 3.392.892 7.6 4.916 9.2a6.627 6.627 0 002.468.476 14.114 14.114 0 008.356-4.06 95.355 95.355 0 0119.804-12.544 5.01 5.01 0 002.984-4.576c0-2.743-2.257-5-5-5-.694 0-1.381.144-2.016.424v.02z\" fill-rule=\"nonzero\"><\/path><path d=\"M281.248 224.696h-54.54v-14.744h4.532c2.743 0 5-2.257 5-5v-6.944a144.268 144.268 0 017.96-50.112 36.81 36.81 0 002.232-12.668v-.04c0-20.351-16.746-37.096-37.096-37.096-20.35 0-37.096 16.745-37.096 37.096 0 3.814.588 7.605 1.744 11.24a158.563 158.563 0 018.444 48.18v10.328c0 2.743 2.257 5 5 5h4.532v14.748H137.4c-2.743 0-5 2.257-5 5v32.48c0 2.743 2.257 5 5 5h9.692v14.076c0 2.743 2.257 5 5 5H266.56c2.743 0 5-2.257 5-5s-2.257-5-5-5H157.108v-9.064h124.14c2.743 0 5-2.257 5-5v-32.48c0-2.743-2.257-5-5-5zm-97.74-81.296a27.1 27.1 0 01-1.268-8.191c0-14.863 12.23-27.092 27.092-27.092 14.862 0 27.092 12.229 27.092 27.092v.007a26.889 26.889 0 01-1.624 9.24 153.999 153.999 0 00-8.56 53.54v1.944h-33.82v-5.32a168.391 168.391 0 00-8.912-51.22zm18.452 66.552h14.748V224.7H201.96v-14.748zm74.288 47.224H142.416v-22.48h133.832v22.48z\" fill-rule=\"nonzero\"><\/path><\/svg>\t\t\t\t<\/a>\n\t\t\t<\/div>\n\t\t\t\t\t\t<div class=\"elementor-icon-box-content\">\n\t\t\t\t<h5 class=\"elementor-icon-box-title\">\n\t\t\t\t\t<a href=\"https:\/\/www.admin.ch\/opc\/de\/classified-compilation\/19983207\/index.html\" target=\"_blank\" >\n\t\t\t\t\t\tCocuk Haklari Sozlesmesi\t\t\t\t\t<\/a>\n\t\t\t\t<\/h5>\n\t\t\t\t\t\t\t\t\t<p class=\"elementor-icon-box-description\">\n\t\t\t\t\t\t.\t\t\t\t\t<\/p>\n\t\t\t\t\t\t\t<\/div>\n\t\t<\/div>\n\t\t\t\t<\/div>\n\t\t\t\t<\/div>\n\t\t\t\t\t\t<\/div>\n\t\t\t\t\t<\/div>\n\t\t<\/div>\n\t\t\t\t<div class=\"elementor-column elementor-col-25 elementor-inner-column elementor-element elementor-element-97f10c8\" data-id=\"97f10c8\" data-element_type=\"column\">\n\t\t\t<div class=\"elementor-column-wrap\">\n\t\t\t\t\t\t\t<div class=\"elementor-widget-wrap\">\n\t\t\t\t\t\t\t\t<\/div>\n\t\t\t\t\t<\/div>\n\t\t<\/div>\n\t\t\t\t<div class=\"elementor-column elementor-col-25 elementor-inner-column elementor-element elementor-element-4547b3b\" data-id=\"4547b3b\" data-element_type=\"column\">\n\t\t\t<div class=\"elementor-column-wrap\">\n\t\t\t\t\t\t\t<div class=\"elementor-widget-wrap\">\n\t\t\t\t\t\t\t\t<\/div>\n\t\t\t\t\t<\/div>\n\t\t<\/div>\n\t\t\t\t<div class=\"elementor-column elementor-col-25 elementor-inner-column elementor-element elementor-element-66ce58f\" data-id=\"66ce58f\" data-element_type=\"column\">\n\t\t\t<div class=\"elementor-column-wrap\">\n\t\t\t\t\t\t\t<div class=\"elementor-widget-wrap\">\n\t\t\t\t\t\t\t\t<\/div>\n\t\t\t\t\t<\/div>\n\t\t<\/div>\n\t\t\t\t\t\t\t\t<\/div>\n\t\t\t\t\t<\/div>\n\t\t<\/section>\n\t\t\t\t\t\t<\/div>\n\t\t\t\t\t<\/div>\n\t\t<\/div>\n\t\t\t\t\t\t\t\t<\/div>\n\t\t\t\t\t<\/div>\n\t\t<\/section>\n\t\t\t\t\t\t<\/div>\n\t\t\t\t\t\t<\/div>\n\t\t\t\t\t<\/div>\n\t\t","protected":false},"excerpt":{"rendered":"<p>kanunlar Cenevre Multeci Sozlesmesi . Avrupa Insan Haklari Sozlesmesi (AIHS) . Dublin Sozlesmesi . Iskenceye Karsi Birlesmis Milletler Sozlesmesi . Cocuk Haklari Sozlesmesi .<\/p>\n","protected":false},"author":1,"featured_media":0,"parent":0,"menu_order":0,"comment_status":"closed","ping_status":"closed","template":"","meta":{"site-sidebar-layout":"no-sidebar","site-content-layout":"page-builder","ast-main-header-display":"","ast-hfb-above-header-display":"","ast-hfb-below-header-display":"","ast-hfb-mobile-header-display":"","site-post-title":"disabled","ast-breadcrumbs-content":"","ast-featured-img":"disabled","footer-sml-layout":"","theme-transparent-header-meta":"default","adv-header-id-meta":"","stick-header-meta":"","header-above-stick-meta":"","header-main-stick-meta":"","header-below-stick-meta":""},"_links":{"self":[{"href":"https:\/\/verein-dejure.ch\/index.php\/wp-json\/wp\/v2\/pages\/2241"}],"collection":[{"href":"https:\/\/verein-dejure.ch\/index.php\/wp-json\/wp\/v2\/pages"}],"about":[{"href":"https:\/\/verein-dejure.ch\/index.php\/wp-json\/wp\/v2\/types\/page"}],"author":[{"embeddable":true,"href":"https:\/\/verein-dejure.ch\/index.php\/wp-json\/wp\/v2\/users\/1"}],"replies":[{"embeddable":true,"href":"https:\/\/verein-dejure.ch\/index.php\/wp-json\/wp\/v2\/comments?post=2241"}],"version-history":[{"count":9,"href":"https:\/\/verein-dejure.ch\/index.php\/wp-json\/wp\/v2\/pages\/2241\/revisions"}],"predecessor-version":[{"id":2283,"href":"https:\/\/verein-dejure.ch\/index.php\/wp-json\/wp\/v2\/pages\/2241\/revisions\/2283"}],"wp:attachment":[{"href":"https:\/\/verein-dejure.ch\/index.php\/wp-json\/wp\/v2\/media?parent=2241"}],"curies":[{"name":"wp","href":"https:\/\/api.w.org\/{rel}","templated":true}]}}