{"id":2245,"date":"2020-09-08T20:32:39","date_gmt":"2020-09-08T20:32:39","guid":{"rendered":"https:\/\/verein-dejure.ch\/?page_id=2245"},"modified":"2021-08-01T21:09:19","modified_gmt":"2021-08-01T21:09:19","slug":"dilekceler","status":"publish","type":"page","link":"https:\/\/verein-dejure.ch\/index.php\/dilekceler\/","title":{"rendered":"dilek\u00e7eler"},"content":{"rendered":"\t\t<div data-elementor-type=\"wp-page\" data-elementor-id=\"2245\" class=\"elementor elementor-2245\" data-elementor-settings=\"[]\">\n\t\t\t\t\t\t<div class=\"elementor-inner\">\n\t\t\t\t\t\t\t<div class=\"elementor-section-wrap\">\n\t\t\t\t\t\t\t<section class=\"elementor-section elementor-top-section elementor-element elementor-element-9ccbc47 elementor-section-content-middle elementor-section-boxed elementor-section-height-default elementor-section-height-default\" data-id=\"9ccbc47\" data-element_type=\"section\">\n\t\t\t\t\t\t<div class=\"elementor-container elementor-column-gap-wide\">\n\t\t\t\t\t\t\t<div class=\"elementor-row\">\n\t\t\t\t\t<div class=\"elementor-column elementor-col-50 elementor-top-column elementor-element elementor-element-5bfe8cb\" data-id=\"5bfe8cb\" data-element_type=\"column\">\n\t\t\t<div class=\"elementor-column-wrap elementor-element-populated\">\n\t\t\t\t\t\t\t<div class=\"elementor-widget-wrap\">\n\t\t\t\t\t\t<div class=\"elementor-element elementor-element-5bb9668 elementor-widget__width-auto elementor-widget-divider--view-line elementor-widget elementor-widget-divider\" data-id=\"5bb9668\" data-element_type=\"widget\" data-widget_type=\"divider.default\">\n\t\t\t\t<div class=\"elementor-widget-container\">\n\t\t\t\t\t<div class=\"elementor-divider\">\n\t\t\t<span class=\"elementor-divider-separator\">\n\t\t\t\t\t\t<\/span>\n\t\t<\/div>\n\t\t\t\t<\/div>\n\t\t\t\t<\/div>\n\t\t\t\t<div class=\"elementor-element elementor-element-70b600e elementor-widget__width-auto elementor-widget-divider--view-line elementor-widget elementor-widget-divider\" data-id=\"70b600e\" data-element_type=\"widget\" data-widget_type=\"divider.default\">\n\t\t\t\t<div class=\"elementor-widget-container\">\n\t\t\t\t\t<div class=\"elementor-divider\">\n\t\t\t<span class=\"elementor-divider-separator\">\n\t\t\t\t\t\t<\/span>\n\t\t<\/div>\n\t\t\t\t<\/div>\n\t\t\t\t<\/div>\n\t\t\t\t<div class=\"elementor-element elementor-element-5ddf235 elementor-widget elementor-widget-heading\" data-id=\"5ddf235\" data-element_type=\"widget\" data-widget_type=\"heading.default\">\n\t\t\t\t<div class=\"elementor-widget-container\">\n\t\t\t<h2 class=\"elementor-heading-title elementor-size-default\">Aile Birle\u015fimi Talepli Dilek\u00e7e<\/h2>\t\t<\/div>\n\t\t\t\t<\/div>\n\t\t\t\t<div class=\"elementor-element elementor-element-3c4f21c elementor-widget elementor-widget-text-editor\" data-id=\"3c4f21c\" data-element_type=\"widget\" data-widget_type=\"text-editor.default\">\n\t\t\t\t<div class=\"elementor-widget-container\">\n\t\t\t\t\t\t\t\t<div class=\"elementor-text-editor elementor-clearfix\">\n\t\t\t\t<p><!-- wp:paragraph --><\/p><p>Merhaba<\/p><p><!-- \/wp:paragraph --> <!-- wp:paragraph --><\/p><p><br \/>M\u00fclteci stat\u00fcs\u00fcne sahip bir ki\u015finin aile birli\u011finin yeniden kurulmas\u0131 i\u00e7in e\u015f ve 18 ya\u015f\u0131ndan k\u00fc\u00e7\u00fck \u00e7ocuklar\u0131n\u0131n \u0130svi\u00e7re&#8217;ye giri\u015flerine olanak sa\u011flayan Aile Birle\u015fimi, \u0130svi\u00e7re iltica Kanunu\u2019nun 51. maddesinde d\u00fczenlenmi\u015ftir. Aile Birle\u015fimi talepli dilek\u00e7eyi ekte bulabilirsiniz. Aile bireylerinin ki\u015fisel bilgilerine ve bulunduklar\u0131 \u00fclkeye g\u00f6re dilek\u00e7eyi g\u00fcncellemenizi tavsiye ederiz.<\/p><p><!-- \/wp:paragraph --> <!-- wp:paragraph --><\/p><p><a href=\"https:\/\/verein-dejure.ch\/wp-content\/uploads\/2021\/08\/Aile-Birlesimi-Dilekcesi-Gesuch-um-Familienasyl.docx\" target=\"_blank\" rel=\"noreferrer noopener\">Dilekce \u00f6rneginin Word haline buradan ulasabilirsiniz<\/a><\/p><p><!-- \/wp:paragraph --> <!-- wp:paragraph --><\/p><p>Sayg\u0131lar\u0131m\u0131zla<br \/>Verein DeJure<\/p><p><!-- \/wp:paragraph --><\/p>\t\t\t\t\t<\/div>\n\t\t\t\t\t\t<\/div>\n\t\t\t\t<\/div>\n\t\t\t\t\t\t<\/div>\n\t\t\t\t\t<\/div>\n\t\t<\/div>\n\t\t\t\t<div class=\"elementor-column elementor-col-50 elementor-top-column elementor-element elementor-element-478aedd elementor-hidden-tablet\" data-id=\"478aedd\" data-element_type=\"column\" data-settings=\"{&quot;background_background&quot;:&quot;classic&quot;}\">\n\t\t\t<div class=\"elementor-column-wrap elementor-element-populated\">\n\t\t\t\t\t\t\t<div class=\"elementor-widget-wrap\">\n\t\t\t\t\t\t<div class=\"elementor-element elementor-element-40214d3 elementor-widget elementor-widget-image\" data-id=\"40214d3\" data-element_type=\"widget\" data-widget_type=\"image.default\">\n\t\t\t\t<div class=\"elementor-widget-container\">\n\t\t\t\t\t\t\t\t<div class=\"elementor-image\">\n\t\t\t\t\t\t\t\t\t\t\t\t<img src=\"https:\/\/verein-dejure.ch\/wp-content\/uploads\/elementor\/thumbs\/k_04104707_Dilekce_Resim-p54txhbiebejmywshl68v16wwsy63jvp47e6mwn4ha.jpg\" title=\"k_04104707_Dilekce_Resim\" alt=\"k_04104707_Dilekce_Resim\" \/>\t\t\t\t\t\t\t\t\t\t\t\t\t\t<\/div>\n\t\t\t\t\t\t<\/div>\n\t\t\t\t<\/div>\n\t\t\t\t\t\t<\/div>\n\t\t\t\t\t<\/div>\n\t\t<\/div>\n\t\t\t\t\t\t\t\t<\/div>\n\t\t\t\t\t<\/div>\n\t\t<\/section>\n\t\t\t\t<section class=\"elementor-section elementor-top-section elementor-element elementor-element-66903d4 elementor-section-content-middle elementor-section-boxed elementor-section-height-default elementor-section-height-default\" data-id=\"66903d4\" data-element_type=\"section\">\n\t\t\t\t\t\t<div class=\"elementor-container elementor-column-gap-wide\">\n\t\t\t\t\t\t\t<div class=\"elementor-row\">\n\t\t\t\t\t<div class=\"elementor-column elementor-col-50 elementor-top-column elementor-element elementor-element-91e9b92 elementor-hidden-tablet\" data-id=\"91e9b92\" data-element_type=\"column\" data-settings=\"{&quot;background_background&quot;:&quot;classic&quot;}\">\n\t\t\t<div class=\"elementor-column-wrap elementor-element-populated\">\n\t\t\t\t\t\t\t<div class=\"elementor-widget-wrap\">\n\t\t\t\t\t\t<div class=\"elementor-element elementor-element-be4dfc9 elementor-widget elementor-widget-image\" data-id=\"be4dfc9\" data-element_type=\"widget\" data-widget_type=\"image.default\">\n\t\t\t\t<div class=\"elementor-widget-container\">\n\t\t\t\t\t\t\t\t<div class=\"elementor-image\">\n\t\t\t\t\t\t\t\t\t\t\t\t<img src=\"https:\/\/verein-dejure.ch\/wp-content\/uploads\/elementor\/thumbs\/k_04104707_Dilekce_Resim-p54txhbiebejmywshl68v16wwsy63jvp47e6mwn4ha.jpg\" title=\"k_04104707_Dilekce_Resim\" alt=\"k_04104707_Dilekce_Resim\" \/>\t\t\t\t\t\t\t\t\t\t\t\t\t\t<\/div>\n\t\t\t\t\t\t<\/div>\n\t\t\t\t<\/div>\n\t\t\t\t\t\t<\/div>\n\t\t\t\t\t<\/div>\n\t\t<\/div>\n\t\t\t\t<div class=\"elementor-column elementor-col-50 elementor-top-column elementor-element elementor-element-ec74cd8\" data-id=\"ec74cd8\" data-element_type=\"column\">\n\t\t\t<div class=\"elementor-column-wrap elementor-element-populated\">\n\t\t\t\t\t\t\t<div class=\"elementor-widget-wrap\">\n\t\t\t\t\t\t<div class=\"elementor-element elementor-element-88dcd1b elementor-widget__width-auto elementor-widget-divider--view-line elementor-widget elementor-widget-divider\" data-id=\"88dcd1b\" data-element_type=\"widget\" data-widget_type=\"divider.default\">\n\t\t\t\t<div class=\"elementor-widget-container\">\n\t\t\t\t\t<div class=\"elementor-divider\">\n\t\t\t<span class=\"elementor-divider-separator\">\n\t\t\t\t\t\t<\/span>\n\t\t<\/div>\n\t\t\t\t<\/div>\n\t\t\t\t<\/div>\n\t\t\t\t<div class=\"elementor-element elementor-element-f4daf32 elementor-widget__width-auto elementor-widget-divider--view-line elementor-widget elementor-widget-divider\" data-id=\"f4daf32\" data-element_type=\"widget\" data-widget_type=\"divider.default\">\n\t\t\t\t<div class=\"elementor-widget-container\">\n\t\t\t\t\t<div class=\"elementor-divider\">\n\t\t\t<span class=\"elementor-divider-separator\">\n\t\t\t\t\t\t<\/span>\n\t\t<\/div>\n\t\t\t\t<\/div>\n\t\t\t\t<\/div>\n\t\t\t\t<div class=\"elementor-element elementor-element-d695925 elementor-widget elementor-widget-heading\" data-id=\"d695925\" data-element_type=\"widget\" data-widget_type=\"heading.default\">\n\t\t\t\t<div class=\"elementor-widget-container\">\n\t\t\t<h2 class=\"elementor-heading-title elementor-size-default\"><a href=\"https:\/\/verein-dejure.ch\/index.php\/2021\/04\/02\/iltica-prosedurunu-hizlandirma-talepli-dilekce\/\">\u0130ltica Prosed\u00fcr\u00fcn\u00fc H\u0131zland\u0131rma Talepli Dilek\u00e7e<\/a><\/h2>\t\t<\/div>\n\t\t\t\t<\/div>\n\t\t\t\t<div class=\"elementor-element elementor-element-ecdb586 elementor-widget elementor-widget-text-editor\" data-id=\"ecdb586\" data-element_type=\"widget\" data-widget_type=\"text-editor.default\">\n\t\t\t\t<div class=\"elementor-widget-container\">\n\t\t\t\t\t\t\t\t<div class=\"elementor-text-editor elementor-clearfix\">\n\t\t\t\t<p>Merhaba<br \/>SEM taraf\u0131ndan yap\u0131lan Ana M\u00fclakat tarihi \u00fczerinden 12 aydan fazla bir zaman ge\u00e7mesine ra\u011fmen karar verilmemesi halinde a\u00e7\u0131lan davada Federal \u0130dari Mahkeme \u201cHukuki Gecikme\u201d gerek\u00e7esi ile davan\u0131n kabul\u00fcne karar vermi\u015ftir. (15. Dezember 2020, E-5724\/2020)<\/p>\t\t\t\t\t<\/div>\n\t\t\t\t\t\t<\/div>\n\t\t\t\t<\/div>\n\t\t\t\t\t\t<\/div>\n\t\t\t\t\t<\/div>\n\t\t<\/div>\n\t\t\t\t\t\t\t\t<\/div>\n\t\t\t\t\t<\/div>\n\t\t<\/section>\n\t\t\t\t\t\t<\/div>\n\t\t\t\t\t\t<\/div>\n\t\t\t\t\t<\/div>\n\t\t","protected":false},"excerpt":{"rendered":"<p>Aile Birle\u015fimi Talepli Dilek\u00e7e Merhaba M\u00fclteci stat\u00fcs\u00fcne sahip bir ki\u015finin aile birli\u011finin yeniden kurulmas\u0131 i\u00e7in e\u015f ve 18 ya\u015f\u0131ndan k\u00fc\u00e7\u00fck \u00e7ocuklar\u0131n\u0131n \u0130svi\u00e7re&#8217;ye giri\u015flerine olanak sa\u011flayan Aile Birle\u015fimi, \u0130svi\u00e7re iltica Kanunu\u2019nun 51. maddesinde d\u00fczenlenmi\u015ftir. Aile Birle\u015fimi talepli dilek\u00e7eyi ekte bulabilirsiniz. Aile bireylerinin ki\u015fisel bilgilerine ve bulunduklar\u0131 \u00fclkeye g\u00f6re dilek\u00e7eyi g\u00fcncellemenizi tavsiye ederiz. Dilekce \u00f6rneginin Word haline &hellip;<\/p>\n<p class=\"read-more\"> <a class=\"\" href=\"https:\/\/verein-dejure.ch\/index.php\/dilekceler\/\"> <span class=\"screen-reader-text\">dilek\u00e7eler<\/span> Devam\u0131 &raquo;<\/a><\/p>\n","protected":false},"author":1,"featured_media":0,"parent":0,"menu_order":0,"comment_status":"closed","ping_status":"closed","template":"","meta":{"site-sidebar-layout":"no-sidebar","site-content-layout":"page-builder","ast-main-header-display":"","ast-hfb-above-header-display":"","ast-hfb-below-header-display":"","ast-hfb-mobile-header-display":"","site-post-title":"disabled","ast-breadcrumbs-content":"","ast-featured-img":"disabled","footer-sml-layout":"","theme-transparent-header-meta":"default","adv-header-id-meta":"","stick-header-meta":"","header-above-stick-meta":"","header-main-stick-meta":"","header-below-stick-meta":""},"_links":{"self":[{"href":"https:\/\/verein-dejure.ch\/index.php\/wp-json\/wp\/v2\/pages\/2245"}],"collection":[{"href":"https:\/\/verein-dejure.ch\/index.php\/wp-json\/wp\/v2\/pages"}],"about":[{"href":"https:\/\/verein-dejure.ch\/index.php\/wp-json\/wp\/v2\/types\/page"}],"author":[{"embeddable":true,"href":"https:\/\/verein-dejure.ch\/index.php\/wp-json\/wp\/v2\/users\/1"}],"replies":[{"embeddable":true,"href":"https:\/\/verein-dejure.ch\/index.php\/wp-json\/wp\/v2\/comments?post=2245"}],"version-history":[{"count":6,"href":"https:\/\/verein-dejure.ch\/index.php\/wp-json\/wp\/v2\/pages\/2245\/revisions"}],"predecessor-version":[{"id":2380,"href":"https:\/\/verein-dejure.ch\/index.php\/wp-json\/wp\/v2\/pages\/2245\/revisions\/2380"}],"wp:attachment":[{"href":"https:\/\/verein-dejure.ch\/index.php\/wp-json\/wp\/v2\/media?parent=2245"}],"curies":[{"name":"wp","href":"https:\/\/api.w.org\/{rel}","templated":true}]}}