{"id":2278,"date":"2020-10-06T19:01:14","date_gmt":"2020-10-06T19:01:14","guid":{"rendered":"https:\/\/verein-dejure.ch\/?page_id=2278"},"modified":"2020-10-06T19:02:22","modified_gmt":"2020-10-06T19:02:22","slug":"isvicre","status":"publish","type":"page","link":"https:\/\/verein-dejure.ch\/index.php\/isvicre\/","title":{"rendered":"\u0130SV\u0130\u00c7RE"},"content":{"rendered":"\t\t<div data-elementor-type=\"wp-page\" data-elementor-id=\"2278\" class=\"elementor elementor-2278\" data-elementor-settings=\"[]\">\n\t\t\t\t\t\t<div class=\"elementor-inner\">\n\t\t\t\t\t\t\t<div class=\"elementor-section-wrap\">\n\t\t\t\t\t\t\t<section class=\"elementor-section elementor-top-section elementor-element elementor-element-da222f8 elementor-section-boxed elementor-section-height-default elementor-section-height-default\" data-id=\"da222f8\" data-element_type=\"section\">\n\t\t\t\t\t\t<div class=\"elementor-container elementor-column-gap-default\">\n\t\t\t\t\t\t\t<div class=\"elementor-row\">\n\t\t\t\t\t<div class=\"elementor-column elementor-col-100 elementor-top-column elementor-element elementor-element-cc7a475\" data-id=\"cc7a475\" data-element_type=\"column\">\n\t\t\t<div class=\"elementor-column-wrap elementor-element-populated\">\n\t\t\t\t\t\t\t<div class=\"elementor-widget-wrap\">\n\t\t\t\t\t\t<section class=\"elementor-section elementor-inner-section elementor-element elementor-element-87c6a92 elementor-section-boxed elementor-section-height-default elementor-section-height-default\" data-id=\"87c6a92\" data-element_type=\"section\">\n\t\t\t\t\t\t<div class=\"elementor-container elementor-column-gap-wider\">\n\t\t\t\t\t\t\t<div class=\"elementor-row\">\n\t\t\t\t\t<div class=\"elementor-column elementor-col-25 elementor-inner-column elementor-element elementor-element-3e81f0e\" data-id=\"3e81f0e\" data-element_type=\"column\">\n\t\t\t<div class=\"elementor-column-wrap elementor-element-populated\">\n\t\t\t\t\t\t\t<div class=\"elementor-widget-wrap\">\n\t\t\t\t\t\t<div class=\"elementor-element elementor-element-6a6393a elementor-view-default elementor-position-top elementor-vertical-align-top elementor-widget elementor-widget-icon-box\" data-id=\"6a6393a\" data-element_type=\"widget\" data-widget_type=\"icon-box.default\">\n\t\t\t\t<div class=\"elementor-widget-container\">\n\t\t\t\t\t<div class=\"elementor-icon-box-wrapper\">\n\t\t\t\t\t\t<div class=\"elementor-icon-box-icon\">\n\t\t\t\t<a class=\"elementor-icon elementor-animation-\" href=\"https:\/\/www.sem.admin.ch\/sem\/de\/home.html\" target=\"_blank\">\n\t\t\t\t<svg xmlns=\"http:\/\/www.w3.org\/2000\/svg\" viewBox=\"0 0 290 290\" fill-rule=\"evenodd\" clip-rule=\"evenodd\" stroke-linejoin=\"round\" stroke-miterlimit=\"2\"><path d=\"M102.416 146a4.6 4.6 0 00-.104-.52 4.547 4.547 0 00-.616-1.912 4.928 4.928 0 00-.212-.476L61.54 87.236c7.32-1.876 14-4.264 20.508-6.596a171.24 171.24 0 0132.256-9.072 5.016 5.016 0 004.178-4.932c0-2.743-2.257-5-5-5-.25 0-.499.019-.746.056a179.456 179.456 0 00-34.06 9.532 168.816 168.816 0 01-26.524 7.86 55.192 55.192 0 01-40.4-7.428 5 5 0 00-3-1c-2.743 0-5 2.257-5 5 0 1.573.742 3.056 2 4A62.41 62.41 0 0041.144 90.12c.472 0 .984-.056 1.464-.068l-37.92 53.032c-.079.155-.15.314-.212.476a4.566 4.566 0 00-.616 1.912 4.832 4.832 0 00-.104.52c0 27.064 22.27 49.334 49.334 49.334 27.064 0 49.334-22.27 49.334-49.334l-.008.008zm-14.72-5H18.472L53.08 92.6 87.696 141zM53.08 185.336c-19.688-.027-36.485-14.811-39.012-34.336H92.1c-2.529 19.528-19.329 34.311-39.02 34.336z\" fill-rule=\"nonzero\"><\/path><path d=\"M286.144 145.48a4.566 4.566 0 00-.616-1.912 4.928 4.928 0 00-.212-.476L247.4 90.06c.48 0 .992.068 1.464.068a62.41 62.41 0 0035.392-10.464 5.004 5.004 0 002-4c0-2.743-2.257-5-5-5a5 5 0 00-3 1 54.549 54.549 0 01-40.4 7.42 168.895 168.895 0 01-26.528-7.86 156.503 156.503 0 00-48.8-11V46.452a17.423 17.423 0 00-5.412-12.6 17.506 17.506 0 005.412-12.654c0-9.6-7.9-17.5-17.5-17.5s-17.5 7.9-17.5 17.5c0 4.778 1.957 9.354 5.412 12.654a17.423 17.423 0 00-5.412 12.6v200.44H80.5c-2.743 0-5 2.257-5 5v29.356c0 2.743 2.257 5 5 5h129c2.743 0 5-2.257 5-5v-29.356c0-2.743-2.257-5-5-5h-72V46.452c0-4.114 3.386-7.5 7.5-7.5s7.5 3.386 7.5 7.5v185.2c0 2.743 2.257 5 5 5s5-2.257 5-5V70.236a148.72 148.72 0 0145.444 10.4c6.512 2.332 13.2 4.724 20.512 6.596l-39.94 55.86c-.079.155-.15.314-.212.476a4.547 4.547 0 00-.616 1.912 4.6 4.6 0 00-.104.52c0 27.064 22.27 49.334 49.334 49.334 27.064 0 49.334-22.27 49.334-49.334a4.614 4.614 0 00-.108-.52zM204.5 276.252h-119v-19.36h119v19.36zM145 13.752c4.114 0 7.5 3.386 7.5 7.5s-3.386 7.5-7.5 7.5-7.5-3.386-7.5-7.5c.004-4.113 3.387-7.496 7.5-7.5zM271.528 141h-69.224l34.616-48.4 34.608 48.4zm-34.612 44.336c-19.689-.027-36.487-14.81-39.016-34.336h78.032c-2.527 19.527-19.326 34.311-39.016 34.336z\" fill-rule=\"nonzero\"><\/path><\/svg>\t\t\t\t<\/a>\n\t\t\t<\/div>\n\t\t\t\t\t\t<div class=\"elementor-icon-box-content\">\n\t\t\t\t<h5 class=\"elementor-icon-box-title\">\n\t\t\t\t\t<a href=\"https:\/\/www.sem.admin.ch\/sem\/de\/home.html\" target=\"_blank\" >\n\t\t\t\t\t\tStaatssekretaritat f\u00fcr Migration SEM\t\t\t\t\t<\/a>\n\t\t\t\t<\/h5>\n\t\t\t\t\t\t\t\t\t<p class=\"elementor-icon-box-description\">\n\t\t\t\t\t\t.\t\t\t\t\t<\/p>\n\t\t\t\t\t\t\t<\/div>\n\t\t<\/div>\n\t\t\t\t<\/div>\n\t\t\t\t<\/div>\n\t\t\t\t\t\t<\/div>\n\t\t\t\t\t<\/div>\n\t\t<\/div>\n\t\t\t\t<div class=\"elementor-column elementor-col-25 elementor-inner-column elementor-element elementor-element-d95adf1\" data-id=\"d95adf1\" data-element_type=\"column\">\n\t\t\t<div class=\"elementor-column-wrap elementor-element-populated\">\n\t\t\t\t\t\t\t<div class=\"elementor-widget-wrap\">\n\t\t\t\t\t\t<div class=\"elementor-element elementor-element-4a128bf elementor-view-default elementor-position-top elementor-vertical-align-top elementor-widget elementor-widget-icon-box\" data-id=\"4a128bf\" data-element_type=\"widget\" data-widget_type=\"icon-box.default\">\n\t\t\t\t<div class=\"elementor-widget-container\">\n\t\t\t\t\t<div class=\"elementor-icon-box-wrapper\">\n\t\t\t\t\t\t<div class=\"elementor-icon-box-icon\">\n\t\t\t\t<a class=\"elementor-icon elementor-animation-\" href=\"https:\/\/www.admin.ch\/gov\/de\/start.html\" target=\"_blank\">\n\t\t\t\t<svg xmlns=\"http:\/\/www.w3.org\/2000\/svg\" viewBox=\"0 0 290 290\" fill-rule=\"evenodd\" clip-rule=\"evenodd\" stroke-linejoin=\"round\" stroke-miterlimit=\"2\"><path d=\"M124.104 276.252H13.748V51.072L44 20.824V44h-9c-2.743 0-5 2.257-5 5s2.257 5 5 5h14c2.743 0 5-2.257 5-5V13.752h141.748V75.5c0 2.743 2.257 5 5 5s5-2.257 5-5V8.752c0-2.743-2.257-5-5-5H49a5.004 5.004 0 00-3.536 1.464L5.216 45.464A5.004 5.004 0 003.752 49v232.252c0 2.743 2.257 5 5 5h115.352c2.743 0 5-2.257 5-5s-2.257-5-5-5z\" fill-rule=\"nonzero\"><\/path><path d=\"M137.4 90.668c2.743 0 5-2.257 5-5s-2.257-5-5-5H72.08c-2.743 0-5 2.257-5 5s2.257 5 5 5h65.32zM159.748 116h-110c-2.743 0-5 2.257-5 5s2.257 5 5 5h110c2.743 0 5-2.257 5-5s-2.257-5-5-5zM159.748 140h-110c-2.743 0-5 2.257-5 5s2.257 5 5 5h110c2.743 0 5-2.257 5-5s-2.257-5-5-5zM159.748 164h-110c-2.743 0-5 2.257-5 5s2.257 5 5 5h110c2.743 0 5-2.257 5-5s-2.257-5-5-5zM164.748 193c0-2.743-2.257-5-5-5h-110c-2.743 0-5 2.257-5 5s2.257 5 5 5h110c2.743 0 5-2.257 5-5zM93.088 226.924a103.902 103.902 0 00-21.72 13.636 18.458 18.458 0 00-2.8-8.508 7.946 7.946 0 00-6.4-3.48c-6.764-.096-14.164 8.38-17.036 12.06a4.999 4.999 0 00-.898 2.859c0 2.743 2.257 5 5 5A5 5 0 0053 246.78a37.297 37.297 0 017.928-7.704 26.64 26.64 0 01.648 3.908c.4 3.392.892 7.6 4.916 9.2a6.627 6.627 0 002.468.476 14.114 14.114 0 008.356-4.06 95.355 95.355 0 0119.804-12.544 5.01 5.01 0 002.984-4.576c0-2.743-2.257-5-5-5-.694 0-1.381.144-2.016.424v.02z\" fill-rule=\"nonzero\"><\/path><path d=\"M281.248 224.696h-54.54v-14.744h4.532c2.743 0 5-2.257 5-5v-6.944a144.268 144.268 0 017.96-50.112 36.81 36.81 0 002.232-12.668v-.04c0-20.351-16.746-37.096-37.096-37.096-20.35 0-37.096 16.745-37.096 37.096 0 3.814.588 7.605 1.744 11.24a158.563 158.563 0 018.444 48.18v10.328c0 2.743 2.257 5 5 5h4.532v14.748H137.4c-2.743 0-5 2.257-5 5v32.48c0 2.743 2.257 5 5 5h9.692v14.076c0 2.743 2.257 5 5 5H266.56c2.743 0 5-2.257 5-5s-2.257-5-5-5H157.108v-9.064h124.14c2.743 0 5-2.257 5-5v-32.48c0-2.743-2.257-5-5-5zm-97.74-81.296a27.1 27.1 0 01-1.268-8.191c0-14.863 12.23-27.092 27.092-27.092 14.862 0 27.092 12.229 27.092 27.092v.007a26.889 26.889 0 01-1.624 9.24 153.999 153.999 0 00-8.56 53.54v1.944h-33.82v-5.32a168.391 168.391 0 00-8.912-51.22zm18.452 66.552h14.748V224.7H201.96v-14.748zm74.288 47.224H142.416v-22.48h133.832v22.48z\" fill-rule=\"nonzero\"><\/path><\/svg>\t\t\t\t<\/a>\n\t\t\t<\/div>\n\t\t\t\t\t\t<div class=\"elementor-icon-box-content\">\n\t\t\t\t<h5 class=\"elementor-icon-box-title\">\n\t\t\t\t\t<a href=\"https:\/\/www.admin.ch\/gov\/de\/start.html\" target=\"_blank\" >\n\t\t\t\t\t\tDer Bundesrat\t\t\t\t\t<\/a>\n\t\t\t\t<\/h5>\n\t\t\t\t\t\t\t\t\t<p class=\"elementor-icon-box-description\">\n\t\t\t\t\t\t.\t\t\t\t\t<\/p>\n\t\t\t\t\t\t\t<\/div>\n\t\t<\/div>\n\t\t\t\t<\/div>\n\t\t\t\t<\/div>\n\t\t\t\t\t\t<\/div>\n\t\t\t\t\t<\/div>\n\t\t<\/div>\n\t\t\t\t<div class=\"elementor-column elementor-col-25 elementor-inner-column elementor-element elementor-element-1a9e531\" data-id=\"1a9e531\" data-element_type=\"column\">\n\t\t\t<div class=\"elementor-column-wrap elementor-element-populated\">\n\t\t\t\t\t\t\t<div class=\"elementor-widget-wrap\">\n\t\t\t\t\t\t<div class=\"elementor-element elementor-element-4171422 elementor-view-default elementor-position-top elementor-vertical-align-top elementor-widget elementor-widget-icon-box\" data-id=\"4171422\" data-element_type=\"widget\" data-widget_type=\"icon-box.default\">\n\t\t\t\t<div class=\"elementor-widget-container\">\n\t\t\t\t\t<div class=\"elementor-icon-box-wrapper\">\n\t\t\t\t\t\t<div class=\"elementor-icon-box-icon\">\n\t\t\t\t<a class=\"elementor-icon elementor-animation-\" href=\"https:\/\/www.bger.ch\/index.htm\" target=\"_blank\">\n\t\t\t\t<svg xmlns=\"http:\/\/www.w3.org\/2000\/svg\" viewBox=\"0 0 290 290\" fill-rule=\"evenodd\" clip-rule=\"evenodd\" stroke-linejoin=\"round\" stroke-miterlimit=\"2\"><path d=\"M278.468 173.2l-117.836-70.4 8.852-14.82 5.66 3.38c2.355 1.404 5.448.624 6.856-1.728l11.032-18.464c1.404-2.355.624-5.448-1.728-6.856L118.124 20.6c-2.355-1.404-5.448-.624-6.856 1.728L100.24 40.8c-1.406 2.355-.626 5.449 1.728 6.856l58.932 35.2-36.8 61.632L79.4 117.8l27.032-45.252a5 5 0 00.673-2.506c0-2.742-2.257-5-5-5a5.005 5.005 0 00-4.257 2.378l-27.036 45.252-5.664-3.384c-2.355-1.404-5.448-.624-6.856 1.728L47.316 129.4c-1.406 2.355-.626 5.449 1.728 6.856l73.18 43.708c2.355 1.406 5.449.626 6.856-1.728l10.976-18.372a5.005 5.005 0 00-1.728-6.864l-5.664-3.384 22.84-38.216 117.836 70.4a5.974 5.974 0 012.908 5.124c0 3.274-2.694 5.968-5.968 5.968a5.974 5.974 0 01-3.06-.844l-103.248-61.692a4.995 4.995 0 00-2.622-.743c-2.743 0-5 2.257-5 5 0 1.782.952 3.434 2.494 4.327l103.252 61.68a15.972 15.972 0 008.188 2.259c8.76 0 15.969-7.209 15.969-15.969a15.986 15.986 0 00-7.781-13.71h-.004zM117.288 31.756L181.88 70.34l-5.904 9.88L111.4 41.636l5.888-9.88zm5.768 137.06l-64.592-38.584 5.848-9.788 5.66 3.38 58.928 35.2-5.844 9.792zM171.94 236.84h-10.224v-2.052c-.022-20.024-16.492-36.494-36.516-36.516H55.492c-20.022.024-36.49 16.494-36.512 36.516v2.052H8.752c-2.743 0-5 2.257-5 5v23.26c0 2.743 2.257 5 5 5h163.2c2.743 0 5-2.257 5-5v-23.26c0-2.743-2.257-5-5-5h-.012zm-5 23.26H13.74v-13.26H57.5c2.743 0 5-2.257 5-5s-2.257-5-5-5H28.98v-2.052c.015-14.539 11.973-26.498 26.512-26.516H125.2c14.54.015 26.501 11.976 26.516 26.516v2.052H81c-2.743 0-5 2.257-5 5s2.257 5 5 5h85.94v13.26z\" fill-rule=\"nonzero\"><\/path><\/svg>\t\t\t\t<\/a>\n\t\t\t<\/div>\n\t\t\t\t\t\t<div class=\"elementor-icon-box-content\">\n\t\t\t\t<h5 class=\"elementor-icon-box-title\">\n\t\t\t\t\t<a href=\"https:\/\/www.bger.ch\/index.htm\" target=\"_blank\" >\n\t\t\t\t\t\tBundesgericht\t\t\t\t\t<\/a>\n\t\t\t\t<\/h5>\n\t\t\t\t\t\t\t\t\t<p class=\"elementor-icon-box-description\">\n\t\t\t\t\t\t.\t\t\t\t\t<\/p>\n\t\t\t\t\t\t\t<\/div>\n\t\t<\/div>\n\t\t\t\t<\/div>\n\t\t\t\t<\/div>\n\t\t\t\t\t\t<\/div>\n\t\t\t\t\t<\/div>\n\t\t<\/div>\n\t\t\t\t<div class=\"elementor-column elementor-col-25 elementor-inner-column elementor-element elementor-element-87cdddb\" data-id=\"87cdddb\" data-element_type=\"column\">\n\t\t\t<div class=\"elementor-column-wrap\">\n\t\t\t\t\t\t\t<div class=\"elementor-widget-wrap\">\n\t\t\t\t\t\t\t\t<\/div>\n\t\t\t\t\t<\/div>\n\t\t<\/div>\n\t\t\t\t\t\t\t\t<\/div>\n\t\t\t\t\t<\/div>\n\t\t<\/section>\n\t\t\t\t\t\t<\/div>\n\t\t\t\t\t<\/div>\n\t\t<\/div>\n\t\t\t\t\t\t\t\t<\/div>\n\t\t\t\t\t<\/div>\n\t\t<\/section>\n\t\t\t\t\t\t<\/div>\n\t\t\t\t\t\t<\/div>\n\t\t\t\t\t<\/div>\n\t\t","protected":false},"excerpt":{"rendered":"<p>Staatssekretaritat f\u00fcr Migration SEM . Der Bundesrat . Bundesgericht .<\/p>\n","protected":false},"author":1,"featured_media":0,"parent":0,"menu_order":0,"comment_status":"closed","ping_status":"closed","template":"","meta":{"site-sidebar-layout":"no-sidebar","site-content-layout":"page-builder","ast-main-header-display":"","ast-hfb-above-header-display":"","ast-hfb-below-header-display":"","ast-hfb-mobile-header-display":"","site-post-title":"disabled","ast-breadcrumbs-content":"","ast-featured-img":"disabled","footer-sml-layout":"","theme-transparent-header-meta":"default","adv-header-id-meta":"","stick-header-meta":"","header-above-stick-meta":"","header-main-stick-meta":"","header-below-stick-meta":""},"_links":{"self":[{"href":"https:\/\/verein-dejure.ch\/index.php\/wp-json\/wp\/v2\/pages\/2278"}],"collection":[{"href":"https:\/\/verein-dejure.ch\/index.php\/wp-json\/wp\/v2\/pages"}],"about":[{"href":"https:\/\/verein-dejure.ch\/index.php\/wp-json\/wp\/v2\/types\/page"}],"author":[{"embeddable":true,"href":"https:\/\/verein-dejure.ch\/index.php\/wp-json\/wp\/v2\/users\/1"}],"replies":[{"embeddable":true,"href":"https:\/\/verein-dejure.ch\/index.php\/wp-json\/wp\/v2\/comments?post=2278"}],"version-history":[{"count":3,"href":"https:\/\/verein-dejure.ch\/index.php\/wp-json\/wp\/v2\/pages\/2278\/revisions"}],"predecessor-version":[{"id":2281,"href":"https:\/\/verein-dejure.ch\/index.php\/wp-json\/wp\/v2\/pages\/2278\/revisions\/2281"}],"wp:attachment":[{"href":"https:\/\/verein-dejure.ch\/index.php\/wp-json\/wp\/v2\/media?parent=2278"}],"curies":[{"name":"wp","href":"https:\/\/api.w.org\/{rel}","templated":true}]}}